{"id":1084,"date":"2024-12-13T03:38:40","date_gmt":"2024-12-13T03:38:40","guid":{"rendered":"https:\/\/desrtours.com\/about\/"},"modified":"2026-01-18T12:27:50","modified_gmt":"2026-01-18T12:27:50","slug":"about","status":"publish","type":"page","link":"https:\/\/desrtours.com\/hu\/about\/","title":{"rendered":"R\u00f3lunk"},"content":{"rendered":"<div data-elementor-type=\"wp-page\" data-elementor-id=\"1084\" class=\"elementor elementor-1084\">\n\t\t\t\t<div class=\"elementor-element elementor-element-13e51dab e-flex e-con-boxed e-con e-parent\" data-id=\"13e51dab\" data-element_type=\"container\" data-e-type=\"container\" data-settings=\"{&quot;background_background&quot;:&quot;classic&quot;}\">\n\t\t\t\t\t<div class=\"e-con-inner\">\n\t\t<div class=\"elementor-element elementor-element-68351efd e-con-full e-flex e-con e-child\" data-id=\"68351efd\" data-element_type=\"container\" data-e-type=\"container\">\n\t\t\t\t<div class=\"elementor-element elementor-element-2c009b89 elementor-widget elementor-widget-heading\" data-id=\"2c009b89\" data-element_type=\"widget\" data-e-type=\"widget\" data-widget_type=\"heading.default\">\n\t\t\t\t<div class=\"elementor-widget-container\">\n\t\t\t\t\t<h1 class=\"elementor-heading-title elementor-size-default\">About Us\n<\/h1>\t\t\t\t<\/div>\n\t\t\t\t<\/div>\n\t\t\t\t<\/div>\n\t\t\t\t\t<\/div>\n\t\t\t\t<\/div>\n\t\t<div class=\"elementor-element elementor-element-2df2772c e-flex e-con-boxed e-con e-parent\" data-id=\"2df2772c\" data-element_type=\"container\" data-e-type=\"container\">\n\t\t\t\t\t<div class=\"e-con-inner\">\n\t\t<div class=\"elementor-element elementor-element-74206332 e-con-full e-flex e-con e-child\" data-id=\"74206332\" data-element_type=\"container\" data-e-type=\"container\">\n\t\t\t\t<div class=\"elementor-element elementor-element-3ed215e5 elementor-widget elementor-widget-heading\" data-id=\"3ed215e5\" data-element_type=\"widget\" data-e-type=\"widget\" data-widget_type=\"heading.default\">\n\t\t\t\t<div class=\"elementor-widget-container\">\n\t\t\t\t\t<h2 class=\"elementor-heading-title elementor-size-default\">\u0650Desert Dream Tours<\/h2>\t\t\t\t<\/div>\n\t\t\t\t<\/div>\n\t\t\t\t<div class=\"elementor-element elementor-element-70585fa2 elementor-widget-divider--view-line elementor-widget elementor-widget-divider\" data-id=\"70585fa2\" data-element_type=\"widget\" data-e-type=\"widget\" data-widget_type=\"divider.default\">\n\t\t\t\t<div class=\"elementor-widget-container\">\n\t\t\t\t\t\t\t<div class=\"elementor-divider\">\n\t\t\t<span class=\"elementor-divider-separator\">\n\t\t\t\t\t\t<\/span>\n\t\t<\/div>\n\t\t\t\t\t\t<\/div>\n\t\t\t\t<\/div>\n\t\t\t\t<div class=\"elementor-element elementor-element-355df1c8 elementor-widget elementor-widget-text-editor\" data-id=\"355df1c8\" data-element_type=\"widget\" data-e-type=\"widget\" data-widget_type=\"text-editor.default\">\n\t\t\t\t<div class=\"elementor-widget-container\">\n\t\t\t\t\t\t\t\t\t<p data-start=\"210\" data-end=\"530\" class=\"translation-block\">A Desert Dream Tours t\u00f6bb mint egy utaz\u00e1si v\u00e1llalat \u2014 egy kapu t\u00e1jakhoz, kult\u00far\u00e1khoz \u00e9s az id\u0151 \u00e1ltal form\u00e1lt t\u00f6rt\u00e9netekhez.\nSzakter\u00fclet\u00fcnk az \u00e9lm\u00e9nyalap\u00fa, sivatagi \u00e9s term\u00e9szeti utaz\u00e1sok szervez\u00e9se Alg\u00e9ri\u00e1ban, L\u00edbi\u00e1ban, Om\u00e1nban \u00e9s Jemen Socotra-sziget\u00e9n, ahol a hagyom\u00e1nyos turizmuson t\u00falmutat\u00f3, autentikus kalandokat k\u00edn\u00e1lunk.<\/p><p data-start=\"532\" data-end=\"719\">A v\u00e9gtelen homokd\u0171n\u00e9kt\u0151l \u00e9s leny\u0171g\u00f6z\u0151 hegyvid\u00e9kekt\u0151l a rejtett v\u00f6lgyeken \u00e9s \u00e9rintetlen partszakaszokon \u00e1t t\u00far\u00e1ink azoknak sz\u00f3lnak, akik m\u00e9lyebb kapcsol\u00f3d\u00e1st \u00e9s maradand\u00f3 \u00e9lm\u00e9nyeket keresnek.<\/p>\t\t\t\t\t\t\t\t<\/div>\n\t\t\t\t<\/div>\n\t\t\t\t<\/div>\n\t\t<div class=\"elementor-element elementor-element-7c55cbcd e-con-full e-flex e-con e-child\" data-id=\"7c55cbcd\" data-element_type=\"container\" data-e-type=\"container\">\n\t\t\t\t<div class=\"elementor-element elementor-element-cc84cb5 elementor-widget elementor-widget-image\" data-id=\"cc84cb5\" data-element_type=\"widget\" data-e-type=\"widget\" data-widget_type=\"image.default\">\n\t\t\t\t<div class=\"elementor-widget-container\">\n\t\t\t\t\t\t\t\t\t\t\t\t\t\t\t<img fetchpriority=\"high\" decoding=\"async\" width=\"864\" height=\"996\" src=\"https:\/\/desrtours.com\/wp-content\/uploads\/2024\/12\/WhatsApp-Image-2024-12-13-at-8.37.51-AM-e1763999630970.jpeg\" class=\"attachment-full size-full wp-image-1284\" alt=\"Embark on a once-in-a-lifetime adventure with Desert Dream Tours and experience the breathtaking beauty of the Empty Quarter Desert \u2014 where golden sands meet endless horizons\" srcset=\"https:\/\/desrtours.com\/wp-content\/uploads\/2024\/12\/WhatsApp-Image-2024-12-13-at-8.37.51-AM-e1763999630970.jpeg 864w, https:\/\/desrtours.com\/wp-content\/uploads\/2024\/12\/WhatsApp-Image-2024-12-13-at-8.37.51-AM-e1763999630970-260x300.jpeg 260w, https:\/\/desrtours.com\/wp-content\/uploads\/2024\/12\/WhatsApp-Image-2024-12-13-at-8.37.51-AM-e1763999630970-768x885.jpeg 768w\" sizes=\"(max-width: 864px) 100vw, 864px\" \/>\t\t\t\t\t\t\t\t\t\t\t\t\t\t\t<\/div>\n\t\t\t\t<\/div>\n\t\t\t\t<\/div>\n\t\t\t\t\t<\/div>\n\t\t\t\t<\/div>\n\t\t<div class=\"elementor-element elementor-element-a5e2e7e e-flex e-con-boxed e-con e-parent\" data-id=\"a5e2e7e\" data-element_type=\"container\" data-e-type=\"container\">\n\t\t\t\t\t<div class=\"e-con-inner\">\n\t\t<div class=\"elementor-element elementor-element-83ed7e9 e-con-full e-flex e-con e-child\" data-id=\"83ed7e9\" data-element_type=\"container\" data-e-type=\"container\">\n\t\t\t\t<div class=\"elementor-element elementor-element-0358304 elementor-widget elementor-widget-heading\" data-id=\"0358304\" data-element_type=\"widget\" data-e-type=\"widget\" data-widget_type=\"heading.default\">\n\t\t\t\t<div class=\"elementor-widget-container\">\n\t\t\t\t\t<h2 class=\"elementor-heading-title elementor-size-default\">Our Story<\/h2>\t\t\t\t<\/div>\n\t\t\t\t<\/div>\n\t\t\t\t<div class=\"elementor-element elementor-element-6912e7d elementor-widget-divider--view-line elementor-widget elementor-widget-divider\" data-id=\"6912e7d\" data-element_type=\"widget\" data-e-type=\"widget\" data-widget_type=\"divider.default\">\n\t\t\t\t<div class=\"elementor-widget-container\">\n\t\t\t\t\t\t\t<div class=\"elementor-divider\">\n\t\t\t<span class=\"elementor-divider-separator\">\n\t\t\t\t\t\t<\/span>\n\t\t<\/div>\n\t\t\t\t\t\t<\/div>\n\t\t\t\t<\/div>\n\t\t\t\t<div class=\"elementor-element elementor-element-387184a elementor-widget elementor-widget-text-editor\" data-id=\"387184a\" data-element_type=\"widget\" data-e-type=\"widget\" data-widget_type=\"text-editor.default\">\n\t\t\t\t<div class=\"elementor-widget-container\">\n\t\t\t\t\t\t\t\t\t<p data-start=\"1229\" data-end=\"1279\">A Desert Dream Tours egy k\u00f6z\u00f6s szenved\u00e9lyb\u0151l sz\u00fcletett.<\/p><p data-start=\"1281\" data-end=\"1582\" class=\"translation-block\">Issa Ali \u00e9s Beatrix Isz\u00e1ly \u00fatjai a sivatag, a nyitott horizontok \u00e9s az eldugott t\u00e1jak ir\u00e1nti szeretet\u00fck r\u00e9v\u00e9n tal\u00e1lkoztak. Ami kezdetben k\u00f6z\u00f6s utaz\u00e1sok sorozata volt, az id\u0151vel egy v\u00edzi\u00f3v\u00e1 v\u00e1lt: olyan utaz\u00e1si \u00e9lm\u00e9nyek megalkot\u00e1sa, amelyek szem\u00e9lyesek, hitelesek \u00e9s szorosan kapcsol\u00f3dnak a term\u00e9szethez.<\/p><p data-start=\"1584\" data-end=\"1900\">Issa m\u00e9ly region\u00e1lis ismeretei \u00e9s a sivatagi kult\u00far\u00e1khoz f\u0171z\u0151d\u0151 kapcsolatai, valamint Beatrix nemzetk\u00f6zi utaz\u00e1si szeml\u00e9lete \u00e9s az \u00e9lm\u00e9nyek ir\u00e1nti \u00e9rz\u00e9kenys\u00e9ge egy\u00fctt alkotj\u00e1k a Desert Dream Tours sz\u00edv\u00e9t.<\/p>\t\t\t\t\t\t\t\t<\/div>\n\t\t\t\t<\/div>\n\t\t\t\t<\/div>\n\t\t<div class=\"elementor-element elementor-element-46f9862 e-con-full e-flex e-con e-child\" data-id=\"46f9862\" data-element_type=\"container\" data-e-type=\"container\">\n\t\t\t\t<div class=\"elementor-element elementor-element-ddfad14 elementor-widget elementor-widget-image\" data-id=\"ddfad14\" data-element_type=\"widget\" data-e-type=\"widget\" data-widget_type=\"image.default\">\n\t\t\t\t<div class=\"elementor-widget-container\">\n\t\t\t\t\t\t\t\t\t\t\t\t\t\t\t<img decoding=\"async\" width=\"1200\" height=\"1600\" src=\"https:\/\/desrtours.com\/wp-content\/uploads\/2026\/01\/530226525_24215297374794922_6999159942231674735_n.jpg\" class=\"attachment-full size-full wp-image-3301\" alt=\"\" srcset=\"https:\/\/desrtours.com\/wp-content\/uploads\/2026\/01\/530226525_24215297374794922_6999159942231674735_n.jpg 1200w, https:\/\/desrtours.com\/wp-content\/uploads\/2026\/01\/530226525_24215297374794922_6999159942231674735_n-225x300.jpg 225w, https:\/\/desrtours.com\/wp-content\/uploads\/2026\/01\/530226525_24215297374794922_6999159942231674735_n-768x1024.jpg 768w, https:\/\/desrtours.com\/wp-content\/uploads\/2026\/01\/530226525_24215297374794922_6999159942231674735_n-1152x1536.jpg 1152w, https:\/\/desrtours.com\/wp-content\/uploads\/2026\/01\/530226525_24215297374794922_6999159942231674735_n-9x12.jpg 9w\" sizes=\"(max-width: 1200px) 100vw, 1200px\" \/>\t\t\t\t\t\t\t\t\t\t\t\t\t\t\t<\/div>\n\t\t\t\t<\/div>\n\t\t\t\t<\/div>\n\t\t\t\t\t<\/div>\n\t\t\t\t<\/div>\n\t\t<div class=\"elementor-element elementor-element-59c4952 e-flex e-con-boxed e-con e-parent\" data-id=\"59c4952\" data-element_type=\"container\" data-e-type=\"container\">\n\t\t\t\t\t<div class=\"e-con-inner\">\n\t\t<div class=\"elementor-element elementor-element-2df49844 e-con-full e-flex e-con e-child\" data-id=\"2df49844\" data-element_type=\"container\" data-e-type=\"container\">\n\t\t\t\t<div class=\"elementor-element elementor-element-60e8257b elementor-widget elementor-widget-heading\" data-id=\"60e8257b\" data-element_type=\"widget\" data-e-type=\"widget\" data-widget_type=\"heading.default\">\n\t\t\t\t<div class=\"elementor-widget-container\">\n\t\t\t\t\t<h4 class=\"elementor-heading-title elementor-size-default\">Travel Enrichment\n<\/h4>\t\t\t\t<\/div>\n\t\t\t\t<\/div>\n\t\t\t\t<div class=\"elementor-element elementor-element-2c759449 elementor-widget-divider--view-line elementor-widget elementor-widget-divider\" data-id=\"2c759449\" data-element_type=\"widget\" data-e-type=\"widget\" data-widget_type=\"divider.default\">\n\t\t\t\t<div class=\"elementor-widget-container\">\n\t\t\t\t\t\t\t<div class=\"elementor-divider\">\n\t\t\t<span class=\"elementor-divider-separator\">\n\t\t\t\t\t\t<\/span>\n\t\t<\/div>\n\t\t\t\t\t\t<\/div>\n\t\t\t\t<\/div>\n\t\t\t\t<div class=\"elementor-element elementor-element-3e4dc12a elementor-widget elementor-widget-text-editor\" data-id=\"3e4dc12a\" data-element_type=\"widget\" data-e-type=\"widget\" data-widget_type=\"text-editor.default\">\n\t\t\t\t<div class=\"elementor-widget-container\">\n\t\t\t\t\t\t\t\t\t<p data-start=\"748\" data-end=\"1083\" class=\"translation-block\">A Desert Dream Toursn\u00e1l hissz\u00fck, hogy az utaz\u00e1s gazdag\u00edtja a lelket.\nUtaz\u00e1sainkat gondosan \u00fagy \u00e1ll\u00edtjuk \u00f6ssze, hogy \u00f6tv\u00f6zz\u00e9k a term\u00e9szeti sz\u00e9ps\u00e9get, a kultur\u00e1lis \u00f6r\u00f6ks\u00e9get \u00e9s a helyi \u00e9lm\u00e9nyeket. Szorosan egy\u00fcttm\u0171k\u00f6d\u00fcnk a helyi k\u00f6z\u00f6ss\u00e9gekkel, tiszteletben tartjuk a k\u00f6rnyezetet, \u00e9s a lass\u00fa, tartalmas utaz\u00e1s elv\u00e9t k\u00f6vetj\u00fck.<\/p><p data-start=\"1085\" data-end=\"1208\">Minden t\u00fara egy lehet\u0151s\u00e9g a tanul\u00e1sra, a felfedez\u00e9sre, \u00e9s arra, hogy a sivatagot ne csup\u00e1n t\u00e1jk\u00e9nt, hanem \u00e9l\u0151 t\u00f6rt\u00e9netk\u00e9nt ismerj\u00fck meg.<\/p>\t\t\t\t\t\t\t\t<\/div>\n\t\t\t\t<\/div>\n\t\t\t\t<\/div>\n\t\t<div class=\"elementor-element elementor-element-d071929 e-con-full e-flex e-con e-child\" data-id=\"d071929\" data-element_type=\"container\" data-e-type=\"container\">\n\t\t\t\t<div class=\"elementor-element elementor-element-cd9242c elementor-widget elementor-widget-heading\" data-id=\"cd9242c\" data-element_type=\"widget\" data-e-type=\"widget\" data-widget_type=\"heading.default\">\n\t\t\t\t<div class=\"elementor-widget-container\">\n\t\t\t\t\t<h4 class=\"elementor-heading-title elementor-size-default\">Our Packages <\/h4>\t\t\t\t<\/div>\n\t\t\t\t<\/div>\n\t\t\t\t<div class=\"elementor-element elementor-element-4e7f5aa elementor-widget-divider--view-line elementor-widget elementor-widget-divider\" data-id=\"4e7f5aa\" data-element_type=\"widget\" data-e-type=\"widget\" data-widget_type=\"divider.default\">\n\t\t\t\t<div class=\"elementor-widget-container\">\n\t\t\t\t\t\t\t<div class=\"elementor-divider\">\n\t\t\t<span class=\"elementor-divider-separator\">\n\t\t\t\t\t\t<\/span>\n\t\t<\/div>\n\t\t\t\t\t\t<\/div>\n\t\t\t\t<\/div>\n\t\t\t\t<div class=\"elementor-element elementor-element-402efd8 elementor-widget elementor-widget-text-editor\" data-id=\"402efd8\" data-element_type=\"widget\" data-e-type=\"widget\" data-widget_type=\"text-editor.default\">\n\t\t\t\t<div class=\"elementor-widget-container\">\n\t\t\t\t\t\t\t\t\t<p data-start=\"1924\" data-end=\"2064\" class=\"translation-block\">Utaz\u00e1si csomagjainkat kalandv\u00e1gy\u00f3 utaz\u00f3k, term\u00e9szetkedvel\u0151k \u00e9s kultur\u00e1lis felfedez\u0151k sz\u00e1m\u00e1ra tervezt\u00fck.\nK\u00edn\u00e1latunk t\u00f6bbek k\u00f6z\u00f6tt a k\u00f6vetkez\u0151ket foglalja mag\u00e1ban:<\/p><ul data-start=\"2066\" data-end=\"2295\"><li data-start=\"2066\" data-end=\"2118\"><p data-start=\"2068\" data-end=\"2118\">Sivatagi szafarik \u00e9s \u00e9jszak\u00e1z\u00e1s beduin st\u00edlus\u00fa t\u00e1borokban<\/p><\/li><li data-start=\"2119\" data-end=\"2155\"><p data-start=\"2121\" data-end=\"2155\">Hegyi \u00e9s v\u00f6lgyi felfedez\u0151t\u00far\u00e1k<\/p><\/li><li data-start=\"2156\" data-end=\"2204\"><p data-start=\"2158\" data-end=\"2204\">Kultur\u00e1lis \u00f6r\u00f6ks\u00e9g- \u00e9s karav\u00e1n\u00fatvonal-\u00e9lm\u00e9nyek<\/p><\/li><li data-start=\"2205\" data-end=\"2244\"><p data-start=\"2207\" data-end=\"2244\">Parti \u00e9s rejtett strandos kalandok<\/p><\/li><li data-start=\"2245\" data-end=\"2295\"><p data-start=\"2247\" data-end=\"2295\">T\u00f6bbnapos exped\u00edci\u00f3k \u00e9s egyedi, priv\u00e1t t\u00far\u00e1k<\/p><\/li><\/ul><p data-start=\"2297\" data-end=\"2452\">Minden csomagunkat k\u00f6r\u00fcltekint\u0151en, rugalmasan alak\u00edtjuk ki, tapasztalt szakemberek vezet\u00e9s\u00e9vel, akik a biztons\u00e1got, a hiteless\u00e9get \u00e9s a felejthetetlen \u00e9lm\u00e9nyeket helyezik el\u0151t\u00e9rbe.<\/p>\t\t\t\t\t\t\t\t<\/div>\n\t\t\t\t<\/div>\n\t\t\t\t<div class=\"elementor-element elementor-element-2664db7 elementor-mobile-align-center elementor-widget elementor-widget-button\" data-id=\"2664db7\" data-element_type=\"widget\" data-e-type=\"widget\" data-widget_type=\"button.default\">\n\t\t\t\t<div class=\"elementor-widget-container\">\n\t\t\t\t\t\t\t\t\t<div class=\"elementor-button-wrapper\">\n\t\t\t\t\t<a class=\"elementor-button elementor-button-link elementor-size-sm\" href=\"\/hu\/contact-us\/\">\n\t\t\t\t\t\t<span class=\"elementor-button-content-wrapper\">\n\t\t\t\t\t\t\t\t\t<span class=\"elementor-button-text\">Contact Us<\/span>\n\t\t\t\t\t<\/span>\n\t\t\t\t\t<\/a>\n\t\t\t\t<\/div>\n\t\t\t\t\t\t\t\t<\/div>\n\t\t\t\t<\/div>\n\t\t\t\t<\/div>\n\t\t\t\t\t<\/div>\n\t\t\t\t<\/div>\n\t\t\t\t<\/div>","protected":false},"excerpt":{"rendered":"<p>About Us About Desert Dream Tours Desert Dream Tours is more than a travel company \u2014 it is a journey [&hellip;]<\/p>","protected":false},"author":1,"featured_media":0,"parent":0,"menu_order":0,"comment_status":"closed","ping_status":"closed","template":"","meta":{"_uag_custom_page_level_css":"","_monsterinsights_skip_tracking":false,"_monsterinsights_sitenote_active":false,"_monsterinsights_sitenote_note":"","_monsterinsights_sitenote_category":0,"site-sidebar-layout":"no-sidebar","site-content-layout":"plain-container","ast-site-content-layout":"full-width-container","site-content-style":"unboxed","site-sidebar-style":"unboxed","ast-global-header-display":"","ast-banner-title-visibility":"","ast-main-header-display":"","ast-hfb-above-header-display":"","ast-hfb-below-header-display":"","ast-hfb-mobile-header-display":"","site-post-title":"disabled","ast-breadcrumbs-content":"","ast-featured-img":"disabled","footer-sml-layout":"","ast-disable-related-posts":"","theme-transparent-header-meta":"enabled","adv-header-id-meta":"","stick-header-meta":"","header-above-stick-meta":"","header-main-stick-meta":"","header-below-stick-meta":"","astra-migrate-meta-layouts":"set","ast-page-background-enabled":"default","ast-page-background-meta":{"desktop":{"background-color":"","background-image":"","background-repeat":"repeat","background-position":"center center","background-size":"auto","background-attachment":"scroll","background-type":"","background-media":"","overlay-type":"","overlay-color":"","overlay-opacity":"","overlay-gradient":""},"tablet":{"background-color":"","background-image":"","background-repeat":"repeat","background-position":"center center","background-size":"auto","background-attachment":"scroll","background-type":"","background-media":"","overlay-type":"","overlay-color":"","overlay-opacity":"","overlay-gradient":""},"mobile":{"background-color":"","background-image":"","background-repeat":"repeat","background-position":"center center","background-size":"auto","background-attachment":"scroll","background-type":"","background-media":"","overlay-type":"","overlay-color":"","overlay-opacity":"","overlay-gradient":""}},"ast-content-background-meta":{"desktop":{"background-color":"var(--ast-global-color-5)","background-image":"","background-repeat":"repeat","background-position":"center center","background-size":"auto","background-attachment":"scroll","background-type":"","background-media":"","overlay-type":"","overlay-color":"","overlay-opacity":"","overlay-gradient":""},"tablet":{"background-color":"var(--ast-global-color-5)","background-image":"","background-repeat":"repeat","background-position":"center center","background-size":"auto","background-attachment":"scroll","background-type":"","background-media":"","overlay-type":"","overlay-color":"","overlay-opacity":"","overlay-gradient":""},"mobile":{"background-color":"var(--ast-global-color-5)","background-image":"","background-repeat":"repeat","background-position":"center center","background-size":"auto","background-attachment":"scroll","background-type":"","background-media":"","overlay-type":"","overlay-color":"","overlay-opacity":"","overlay-gradient":""}},"footnotes":""},"class_list":["post-1084","page","type-page","status-publish","hentry"],"uagb_featured_image_src":{"full":false,"thumbnail":false,"medium":false,"medium_large":false,"large":false,"1536x1536":false,"2048x2048":false,"trp-custom-language-flag":false},"uagb_author_info":{"display_name":"ceila.basem2023@gmail.com","author_link":"https:\/\/desrtours.com\/hu\/author\/ceila-basem2023gmail-com\/"},"uagb_comment_info":0,"uagb_excerpt":"About Us About Desert Dream Tours Desert Dream Tours is more than a travel company \u2014 it is a journey [&hellip;]","_links":{"self":[{"href":"https:\/\/desrtours.com\/hu\/wp-json\/wp\/v2\/pages\/1084","targetHints":{"allow":["GET"]}}],"collection":[{"href":"https:\/\/desrtours.com\/hu\/wp-json\/wp\/v2\/pages"}],"about":[{"href":"https:\/\/desrtours.com\/hu\/wp-json\/wp\/v2\/types\/page"}],"author":[{"embeddable":true,"href":"https:\/\/desrtours.com\/hu\/wp-json\/wp\/v2\/users\/1"}],"replies":[{"embeddable":true,"href":"https:\/\/desrtours.com\/hu\/wp-json\/wp\/v2\/comments?post=1084"}],"version-history":[{"count":40,"href":"https:\/\/desrtours.com\/hu\/wp-json\/wp\/v2\/pages\/1084\/revisions"}],"predecessor-version":[{"id":3313,"href":"https:\/\/desrtours.com\/hu\/wp-json\/wp\/v2\/pages\/1084\/revisions\/3313"}],"wp:attachment":[{"href":"https:\/\/desrtours.com\/hu\/wp-json\/wp\/v2\/media?parent=1084"}],"curies":[{"name":"wp","href":"https:\/\/api.w.org\/{rel}","templated":true}]}}